{"id":3,"date":"2024-01-22T16:21:51","date_gmt":"2024-01-22T15:21:51","guid":{"rendered":"http:\/\/romarine.pro\/?page_id=3"},"modified":"2024-01-23T13:57:16","modified_gmt":"2024-01-23T12:57:16","slug":"polityka-prywatnosci","status":"publish","type":"page","link":"https:\/\/romarine.pro\/en\/polityka-prywatnosci\/","title":{"rendered":"Privacy Policy"},"content":{"rendered":"<h2 class=\"wp-block-heading\">Who We Are<\/h2><p><strong class=\"privacy-policy-tutorial\">Sugerowany tekst: <\/strong>Adres naszej strony internetowej to: http:\/\/romarine.pro.<\/p><h2 class=\"wp-block-heading\">Comments<\/h2><p><strong class=\"privacy-policy-tutorial\">Sugerowany tekst: <\/strong>When a visitor leaves a comment on the website, we collect the data visible in the comment form, as well as the visitor's IP address and browser user agent string to help detect spam.<\/p><p>An anonymized string created from your email address (also called a hash) may be provided to the Gravatar service to see if you are using it. The Gravatar service privacy policy is available here: https:\/\/automattic.com\/privacy\/. After approval of your comment, your profile picture is visible to the public in the context of your comment.<\/p><h2 class=\"wp-block-heading\">Media<\/h2><p><strong class=\"privacy-policy-tutorial\">Sugerowany tekst: <\/strong>Je\u015bli jeste\u015b zarejestrowanym u\u017cytkownikiem i wgrywasz na witryn\u0119 obrazki, powiniene\u015b unika\u0107 przesy\u0142ania obrazk\u00f3w z tagami EXIF lokalizacji. Odwiedzaj\u0105cy stron\u0119 mog\u0105 pobra\u0107 i odczyta\u0107 pe\u0142ne dane lokalizacyjne z obrazk\u00f3w w witrynie.<\/p><h2 class=\"wp-block-heading\">Cookies<\/h2><p><strong class=\"privacy-policy-tutorial\">Sugerowany tekst: <\/strong>If you leave a comment on our site, you may opt-in to saving your name, email address, and website in cookies. These are for your convenience so that you do not have to fill in your details again when you leave another comment. The cookies will expire after one year.<\/p><p>If you visit our login page, we will set a temporary cookie to determine if your browser accepts cookies. This cookie contains no personal data and is discarded when you close your browser.<\/p><p>Podczas logowania tworzymy dodatkowo kilka ciasteczek potrzebnych do zapisu twoich informacji logowania oraz wybranych opcji ekranu. Ciasteczka logowania wygasaj\u0105 po dw\u00f3ch dniach, a opcji ekranu po roku. Je\u015bli zaznaczysz opcj\u0119 &bdquo;Pami\u0119taj mnie&rdquo;, logowanie wyga\u015bnie po dw\u00f3ch tygodniach. Je\u015bli wylogujesz si\u0119 ze swojego konta, ciasteczka logowania zostan\u0105 usuni\u0119te.<\/p><p>If you modify or publish an article, an additional cookie will be saved in your browser. This cookie includes no personal data and simply indicates the post ID of the article you just edited. It expires after 1 day.<\/p><h2 class=\"wp-block-heading\">Embedded content from other websites<\/h2><p><strong class=\"privacy-policy-tutorial\">Sugerowany tekst: <\/strong>Articles on this site may contain embedded content (e.g., videos, images, articles, etc.). Embedded content from other websites behaves in the same way as if the visitor has visited the other website directly.<\/p><p>Websites may collect information about you, use cookies, embed additional third-party tracking systems, and monitor your interactions with embedded content, including tracking your interactions with embedded content if you have an account and are logged in to that website.<\/p><h2 class=\"wp-block-heading\">With whom we share data<\/h2><p><strong class=\"privacy-policy-tutorial\">Sugerowany tekst: <\/strong>If you request a password reset, your IP address will be included in the reset email.<\/p><h2 class=\"wp-block-heading\">How long we retain your data<\/h2><p><strong class=\"privacy-policy-tutorial\">Sugerowany tekst: <\/strong>If you leave a comment, the comment and its metadata are retained indefinitely. This is so we can recognize and approve any follow-up comments automatically instead of holding them in a moderation queue.<\/p><p>For users who register on our website (if any), we also store the personal information they provide in their user profile. All users can see, edit, or delete their personal information at any time (except they cannot change their username). Website administrators can also see and edit that information.<\/p><h2 class=\"wp-block-heading\">What rights you have over your data<\/h2><p><strong class=\"privacy-policy-tutorial\">Sugerowany tekst: <\/strong>If you have an account on this website or have left comments, you can request to receive an exported file of the personal data we hold about you, including any information you have provided to us. You can also request that we erase any personal data we hold about you. This does not include any data we are obliged to keep for administrative, legal, or security purposes.<\/p><h2 class=\"wp-block-heading\">Gdzie wys\u0142amy twoje dane<\/h2><p><strong class=\"privacy-policy-tutorial\">Sugerowany tekst: <\/strong>Guest comments may be checked through an automated spam detection service.<\/p>","protected":false},"excerpt":{"rendered":"<p>Kim jeste\u015bmy Sugerowany tekst: Adres naszej strony internetowej to: http:\/\/romarine.pro. Komentarze Sugerowany tekst: Kiedy odwiedzaj\u0105cy witryn\u0119 zostawia komentarz, zbieramy dane widoczne w formularzu komentowania, jak i adres IP odwiedzaj\u0105cego oraz podpis jego przegl\u0105darki jako pomoc przy wykrywaniu spamu. Anonimizowany ci\u0105g znak\u00f3w utworzony z twojego adresu e-mail (zwany te\u017c hashem) mo\u017ce zosta\u0107 przes\u0142any do us\u0142ugi Gravatar<\/p>","protected":false},"author":1,"featured_media":0,"parent":0,"menu_order":0,"comment_status":"closed","ping_status":"open","template":"","meta":{"footnotes":""},"class_list":["post-3","page","type-page","status-publish","hentry"],"yoast_head":"<!-- This site is optimized with the Yoast SEO plugin v27.4 - https:\/\/yoast.com\/product\/yoast-seo-wordpress\/ -->\n<title>Polityka prywatno\u015bci - ROMARINE<\/title>\n<meta name=\"robots\" content=\"index, follow, max-snippet:-1, max-image-preview:large, max-video-preview:-1\" \/>\n<link rel=\"canonical\" href=\"https:\/\/romarine.pro\/en\/polityka-prywatnosci\/\" \/>\n<meta property=\"og:locale\" content=\"en_GB\" \/>\n<meta property=\"og:type\" content=\"article\" \/>\n<meta property=\"og:title\" content=\"Polityka prywatno\u015bci - ROMARINE\" \/>\n<meta property=\"og:description\" content=\"Kim jeste\u015bmy Sugerowany tekst: Adres naszej strony internetowej to: http:\/\/romarine.pro. Komentarze Sugerowany tekst: Kiedy odwiedzaj\u0105cy witryn\u0119 zostawia komentarz, zbieramy dane widoczne w formularzu komentowania, jak i adres IP odwiedzaj\u0105cego oraz podpis jego przegl\u0105darki jako pomoc przy wykrywaniu spamu. Anonimizowany ci\u0105g znak\u00f3w utworzony z twojego adresu e-mail (zwany te\u017c hashem) mo\u017ce zosta\u0107 przes\u0142any do us\u0142ugi Gravatar\" \/>\n<meta property=\"og:url\" content=\"https:\/\/romarine.pro\/en\/polityka-prywatnosci\/\" \/>\n<meta property=\"og:site_name\" content=\"ROMARINE\" \/>\n<meta property=\"article:modified_time\" content=\"2024-01-23T12:57:16+00:00\" \/>\n<meta name=\"twitter:card\" content=\"summary_large_image\" \/>\n<meta name=\"twitter:label1\" content=\"Estimated reading time\" \/>\n\t<meta name=\"twitter:data1\" content=\"4 minutes\" \/>\n<script type=\"application\/ld+json\" class=\"yoast-schema-graph\">{\"@context\":\"https:\\\/\\\/schema.org\",\"@graph\":[{\"@type\":\"WebPage\",\"@id\":\"https:\\\/\\\/romarine.pro\\\/polityka-prywatnosci\\\/\",\"url\":\"https:\\\/\\\/romarine.pro\\\/polityka-prywatnosci\\\/\",\"name\":\"Polityka prywatno\u015bci - ROMARINE\",\"isPartOf\":{\"@id\":\"https:\\\/\\\/romarine.pro\\\/#website\"},\"datePublished\":\"2024-01-22T15:21:51+00:00\",\"dateModified\":\"2024-01-23T12:57:16+00:00\",\"breadcrumb\":{\"@id\":\"https:\\\/\\\/romarine.pro\\\/polityka-prywatnosci\\\/#breadcrumb\"},\"inLanguage\":\"en-GB\",\"potentialAction\":[{\"@type\":\"ReadAction\",\"target\":[\"https:\\\/\\\/romarine.pro\\\/polityka-prywatnosci\\\/\"]}]},{\"@type\":\"BreadcrumbList\",\"@id\":\"https:\\\/\\\/romarine.pro\\\/polityka-prywatnosci\\\/#breadcrumb\",\"itemListElement\":[{\"@type\":\"ListItem\",\"position\":1,\"name\":\"Strona g\u0142\u00f3wna\",\"item\":\"https:\\\/\\\/romarine.pro\\\/pl\\\/\"},{\"@type\":\"ListItem\",\"position\":2,\"name\":\"Polityka prywatno\u015bci\"}]},{\"@type\":\"WebSite\",\"@id\":\"https:\\\/\\\/romarine.pro\\\/#website\",\"url\":\"https:\\\/\\\/romarine.pro\\\/\",\"name\":\"ROMARINE\",\"description\":\"Roman Aleksandrowicz\",\"publisher\":{\"@id\":\"https:\\\/\\\/romarine.pro\\\/#organization\"},\"potentialAction\":[{\"@type\":\"SearchAction\",\"target\":{\"@type\":\"EntryPoint\",\"urlTemplate\":\"https:\\\/\\\/romarine.pro\\\/?s={search_term_string}\"},\"query-input\":{\"@type\":\"PropertyValueSpecification\",\"valueRequired\":true,\"valueName\":\"search_term_string\"}}],\"inLanguage\":\"en-GB\"},{\"@type\":\"Organization\",\"@id\":\"https:\\\/\\\/romarine.pro\\\/#organization\",\"name\":\"ROMARINE\",\"url\":\"https:\\\/\\\/romarine.pro\\\/\",\"logo\":{\"@type\":\"ImageObject\",\"inLanguage\":\"en-GB\",\"@id\":\"https:\\\/\\\/romarine.pro\\\/#\\\/schema\\\/logo\\\/image\\\/\",\"url\":\"https:\\\/\\\/romarine.pro\\\/wp-content\\\/uploads\\\/2024\\\/01\\\/logo_romarine.svg\",\"contentUrl\":\"https:\\\/\\\/romarine.pro\\\/wp-content\\\/uploads\\\/2024\\\/01\\\/logo_romarine.svg\",\"width\":1,\"height\":1,\"caption\":\"ROMARINE\"},\"image\":{\"@id\":\"https:\\\/\\\/romarine.pro\\\/#\\\/schema\\\/logo\\\/image\\\/\"}}]}<\/script>\n<!-- \/ Yoast SEO plugin. -->","yoast_head_json":{"title":"Polityka prywatno\u015bci - ROMARINE","robots":{"index":"index","follow":"follow","max-snippet":"max-snippet:-1","max-image-preview":"max-image-preview:large","max-video-preview":"max-video-preview:-1"},"canonical":"https:\/\/romarine.pro\/en\/polityka-prywatnosci\/","og_locale":"en_GB","og_type":"article","og_title":"Polityka prywatno\u015bci - ROMARINE","og_description":"Kim jeste\u015bmy Sugerowany tekst: Adres naszej strony internetowej to: http:\/\/romarine.pro. Komentarze Sugerowany tekst: Kiedy odwiedzaj\u0105cy witryn\u0119 zostawia komentarz, zbieramy dane widoczne w formularzu komentowania, jak i adres IP odwiedzaj\u0105cego oraz podpis jego przegl\u0105darki jako pomoc przy wykrywaniu spamu. Anonimizowany ci\u0105g znak\u00f3w utworzony z twojego adresu e-mail (zwany te\u017c hashem) mo\u017ce zosta\u0107 przes\u0142any do us\u0142ugi Gravatar","og_url":"https:\/\/romarine.pro\/en\/polityka-prywatnosci\/","og_site_name":"ROMARINE","article_modified_time":"2024-01-23T12:57:16+00:00","twitter_card":"summary_large_image","twitter_misc":{"Estimated reading time":"4 minutes"},"schema":{"@context":"https:\/\/schema.org","@graph":[{"@type":"WebPage","@id":"https:\/\/romarine.pro\/polityka-prywatnosci\/","url":"https:\/\/romarine.pro\/polityka-prywatnosci\/","name":"Polityka prywatno\u015bci - ROMARINE","isPartOf":{"@id":"https:\/\/romarine.pro\/#website"},"datePublished":"2024-01-22T15:21:51+00:00","dateModified":"2024-01-23T12:57:16+00:00","breadcrumb":{"@id":"https:\/\/romarine.pro\/polityka-prywatnosci\/#breadcrumb"},"inLanguage":"en-GB","potentialAction":[{"@type":"ReadAction","target":["https:\/\/romarine.pro\/polityka-prywatnosci\/"]}]},{"@type":"BreadcrumbList","@id":"https:\/\/romarine.pro\/polityka-prywatnosci\/#breadcrumb","itemListElement":[{"@type":"ListItem","position":1,"name":"Strona g\u0142\u00f3wna","item":"https:\/\/romarine.pro\/pl\/"},{"@type":"ListItem","position":2,"name":"Polityka prywatno\u015bci"}]},{"@type":"WebSite","@id":"https:\/\/romarine.pro\/#website","url":"https:\/\/romarine.pro\/","name":"ROMARINE","description":"Roman Aleksandrowicz","publisher":{"@id":"https:\/\/romarine.pro\/#organization"},"potentialAction":[{"@type":"SearchAction","target":{"@type":"EntryPoint","urlTemplate":"https:\/\/romarine.pro\/?s={search_term_string}"},"query-input":{"@type":"PropertyValueSpecification","valueRequired":true,"valueName":"search_term_string"}}],"inLanguage":"en-GB"},{"@type":"Organization","@id":"https:\/\/romarine.pro\/#organization","name":"ROMARINE","url":"https:\/\/romarine.pro\/","logo":{"@type":"ImageObject","inLanguage":"en-GB","@id":"https:\/\/romarine.pro\/#\/schema\/logo\/image\/","url":"https:\/\/romarine.pro\/wp-content\/uploads\/2024\/01\/logo_romarine.svg","contentUrl":"https:\/\/romarine.pro\/wp-content\/uploads\/2024\/01\/logo_romarine.svg","width":1,"height":1,"caption":"ROMARINE"},"image":{"@id":"https:\/\/romarine.pro\/#\/schema\/logo\/image\/"}}]}},"_links":{"self":[{"href":"https:\/\/romarine.pro\/en\/wp-json\/wp\/v2\/pages\/3","targetHints":{"allow":["GET"]}}],"collection":[{"href":"https:\/\/romarine.pro\/en\/wp-json\/wp\/v2\/pages"}],"about":[{"href":"https:\/\/romarine.pro\/en\/wp-json\/wp\/v2\/types\/page"}],"author":[{"embeddable":true,"href":"https:\/\/romarine.pro\/en\/wp-json\/wp\/v2\/users\/1"}],"replies":[{"embeddable":true,"href":"https:\/\/romarine.pro\/en\/wp-json\/wp\/v2\/comments?post=3"}],"version-history":[{"count":4,"href":"https:\/\/romarine.pro\/en\/wp-json\/wp\/v2\/pages\/3\/revisions"}],"predecessor-version":[{"id":131,"href":"https:\/\/romarine.pro\/en\/wp-json\/wp\/v2\/pages\/3\/revisions\/131"}],"wp:attachment":[{"href":"https:\/\/romarine.pro\/en\/wp-json\/wp\/v2\/media?parent=3"}],"curies":[{"name":"wp","href":"https:\/\/api.w.org\/{rel}","templated":true}]}}